{"id":2660,"date":"2022-11-27T09:44:30","date_gmt":"2022-11-27T08:44:30","guid":{"rendered":"https:\/\/www.citytrafik.nu\/cityWP\/?page_id=2660"},"modified":"2022-12-09T10:05:41","modified_gmt":"2022-12-09T09:05:41","slug":"supervisor-course","status":"publish","type":"page","link":"https:\/\/www.citytrafik.nu\/cityWP\/supervisor-course\/","title":{"rendered":"HANDLEDARKURS"},"content":{"rendered":"\t\t<div data-elementor-type=\"wp-page\" data-elementor-id=\"2660\" class=\"elementor elementor-2660\">\n\t\t\t\t\t\t<section class=\"elementor-section elementor-top-section elementor-element elementor-element-d2c399c elementor-section-boxed elementor-section-height-default elementor-section-height-default\" data-id=\"d2c399c\" data-element_type=\"section\" data-e-type=\"section\">\n\t\t\t\t\t\t<div class=\"elementor-container elementor-column-gap-default\">\n\t\t\t\t\t<div class=\"elementor-column elementor-col-50 elementor-top-column elementor-element elementor-element-6443b22\" data-id=\"6443b22\" data-element_type=\"column\" data-e-type=\"column\">\n\t\t\t<div class=\"elementor-widget-wrap elementor-element-populated\">\n\t\t\t\t\t\t<div class=\"elementor-element elementor-element-b4df728 elementor-widget elementor-widget-text-editor\" data-id=\"b4df728\" data-element_type=\"widget\" data-e-type=\"widget\" data-widget_type=\"text-editor.default\">\n\t\t\t\t<div class=\"elementor-widget-container\">\n\t\t\t\t\t\t\t\t\t<h2 class=\"LNE_title\">Handledarkurs<\/h2><p><strong>CITY h\u00e4lsar alla v\u00e4lkomna till handledar kurs!\u00a0\u00a0\u00a0\u00a0\u00a0\u00a0<\/strong>\u00a0\u00a0\u00a0\u00a0\u00a0\u00a0\u00a0\u00a0\u00a0<\/p><p>I kursen ing\u00e5r\u00a0\u00a0\u00a0<\/p><ul><li>utbildnings matrial<\/li><li>3 timmars utbildning (L\u00e4rare + Powerpoint + filmer)<\/li><li>fika i pauserna<\/li><\/ul><p><br \/>Med tag g\u00e4rna ett gott hum\u00f6r f\u00f6r allas trevnad!<\/p><p>PS. Gl\u00f6m inte legitimation f\u00f6r alla!<br \/>\u00a0<\/p><p><span style=\"color: #ff6600; font-size: medium;\"><b>Anm\u00e4lan bindande, avbokning ska ske senast kl 13,00 vardagen innan, annars debiteras full avgift<\/b><\/span><strong>!<\/strong><\/p><p><a href=\"https:\/\/www.citytrafik.nu\/cityWP\/book-tutor-course-angelholm-here\/\"><span class=\"rounda\"><ins>BOKA HANDLEDARKURS H\u00c4R! \u00bb<\/ins><\/span><\/a><\/p>\t\t\t\t\t\t\t\t<\/div>\n\t\t\t\t<\/div>\n\t\t\t\t<div class=\"elementor-element elementor-element-a659272 elementor-widget elementor-widget-text-editor\" data-id=\"a659272\" data-element_type=\"widget\" data-e-type=\"widget\" data-widget_type=\"text-editor.default\">\n\t\t\t\t<div class=\"elementor-widget-container\">\n\t\t\t\t\t\t\t\t\t<h3>Kursen<\/h3><p>Obligatorisk introduktionsutbildning f\u00f6r handledare och elev vid privat \u00f6vningsk\u00f6rning, beh\u00f6righet B.<\/p><h4>Reglerna \u00e4ndrades vid privat \u00f6vningsk\u00f6rning\u00a0<strong>1 september 2010<\/strong><\/h4><p><strong>Introduktionsutbildning vid privat \u00f6vningsk\u00f6rning m\u00e5ste nu mer inte\u00a0genomf\u00f6ras av eleven och handledaren samtidigt. Elev och handledare kan g\u00e5 utbildningen var f\u00f6r sig.<br \/><br \/><\/strong>Den som redan har g\u00e5tt en introduktionsutbildning beh\u00f6ver inte g\u00e5 om den, f\u00f6rutsatt att utbildningen fortfarande \u00e4r giltig. Utbildningen \u00e4r giltig i 5 \u00e5r fr\u00e5n det datum den genomf\u00f6rdes.<\/p><p>L\u00e4s om \u00f6vriga regler f\u00f6r privat \u00f6vningsk\u00f6rning i Transportstyrelsen f\u00f6reskrift (VVFS 2005:76)<br \/><br \/>Denna utbildning har tre delmoment:<br \/>1. K\u00f6rkortsutbildningens m\u00e5l och inneh\u00e5ll samt regler f\u00f6r \u00f6vningsk\u00f6rning<br \/>2. Planering och strukturering av \u00f6vningsk\u00f6rning<br \/>3. F\u00f6r trafiks\u00e4kerheten viktiga faktorer<br \/><br \/>Den som har uppsikt \u00f6ver \u00f6vningsk\u00f6rningen anses som f\u00f6rare och ska alltid f\u00f6lja med i bilen vid den k\u00f6randes sida. Om du \u00f6vningsk\u00f6r p\u00e5 motorcykel i gatutrafik och vid landsv\u00e4gsk\u00f6rning m\u00e5ste handledaren f\u00f6lja med som passagerare p\u00e5 motorcykeln eller sj\u00e4lv k\u00f6ra motorcykel.<br \/><br \/>R\u00e4tten att fungera som handledare upph\u00f6r om handledarens k\u00f6rkort \u00e5terkallas.<br \/><br \/>Handledarbeviset ska alltid medf\u00f6ras vid privat \u00f6vningsk\u00f6rning.<br \/><br \/>De svenska reglerna f\u00f6r \u00f6vningsk\u00f6rning g\u00e4ller inte i andra l\u00e4nder.<br \/><br \/>F\u00f6r att f\u00e5 \u00f6vningsk\u00f6ra, s\u00e5v\u00e4l i trafikskola som privat, m\u00e5ste du ha ett giltigt k\u00f6rkortstillst\u00e5nd. Detta g\u00e4ller oavsett vilken beh\u00f6righet du ska \u00f6vningsk\u00f6ra f\u00f6r. Best\u00e4mmelserna om \u00f6vningsk\u00f6rning finns i 4:e kapitlet i k\u00f6rkortslagen (SFS 1998:488).<\/p>\t\t\t\t\t\t\t\t<\/div>\n\t\t\t\t<\/div>\n\t\t\t\t<div class=\"elementor-element elementor-element-abb2b34 elementor-widget elementor-widget-text-editor\" data-id=\"abb2b34\" data-element_type=\"widget\" data-e-type=\"widget\" data-widget_type=\"text-editor.default\">\n\t\t\t\t<div class=\"elementor-widget-container\">\n\t\t\t\t\t\t\t\t\t<h2><b><sup><img decoding=\"async\" src=\"http:\/\/citytrafik.nu\/fckeditor\/editor\/images\/smiley\/msn\/lightbulb.gif\" alt=\"\" \/>\u00a0T\u00e4nk p\u00e5!<\/sup><\/b><\/h2><h3><strong>Elever m\u00e5ste vara minst 15 \u00e5r och 9 m\u00e5nader f\u00f6r att f\u00e5 g\u00e5 handledarutbildningen.<\/strong>\u00a0<strong>\u00d6vningsk\u00f6rning f\u00e5r p\u00e5b\u00f6rjas fr\u00e5n 16 \u00e5rs \u00e5lder.<\/strong><\/h3><h3>Regler vid privat \u00f6vningsk\u00f6rning<\/h3><p>Elev och handledare kan g\u00e5 utbildningen var f\u00f6r sig.<br \/><br \/>Den som redan har g\u00e5tt en introduktionsutbildning beh\u00f6ver inte g\u00e5 om den, f\u00f6rutsatt att utbildningen fortfarande \u00e4r giltig. Utbildningen \u00e4r giltig i 5 \u00e5r fr\u00e5n det datum den b\u00f6rjar g\u00e4lla.<br \/><br \/><br \/>\u00c4ndringarna b\u00f6rjar g\u00e4lla den 1 september 2010.<\/p>\t\t\t\t\t\t\t\t<\/div>\n\t\t\t\t<\/div>\n\t\t\t\t\t<\/div>\n\t\t<\/div>\n\t\t\t\t<div class=\"elementor-column elementor-col-50 elementor-top-column elementor-element elementor-element-8a136d5\" data-id=\"8a136d5\" data-element_type=\"column\" data-e-type=\"column\">\n\t\t\t<div class=\"elementor-widget-wrap elementor-element-populated\">\n\t\t\t\t\t\t<div class=\"elementor-element elementor-element-d81aa84 elementor-widget elementor-widget-sidebar\" data-id=\"d81aa84\" data-element_type=\"widget\" data-e-type=\"widget\" data-widget_type=\"sidebar.default\">\n\t\t\t\t<div class=\"elementor-widget-container\">\n\t\t\t\t\t<div class=\"widget_text tt-block-aside widget\" id=\"text-22\">\t\t\t<div class=\"textwidget\"><p><a href=\"http:\/\/www.citytrafik.nu\/index.php?page=hboka\"><img decoding=\"async\" src=\"http:\/\/www.citytrafik.nu\/Handledarkurser_s.png\" \/><\/a><\/p>\n<table border=\"0\" cellpadding=\"3\">\n<tbody>\n<tr>\n<td><strong><a href=\"http:\/\/www.citytrafik.nu\/index.php?page=hboka\">\u00c4ngelholm<\/a><\/strong><\/td>\n<td><\/td>\n<\/tr>\n<tr>\n<td>Datum<\/td>\n<td>Tid<\/td>\n<\/tr>\n<tr>\n<td nowrap=\"nowrap\">2023-01-16<\/td>\n<td nowrap=\"nowrap\">17:00-20:30<\/td>\n<\/tr>\n<tr>\n<td nowrap=\"nowrap\">2023-01-30<\/td>\n<td nowrap=\"nowrap\">17:00-20:30<\/td>\n<\/tr>\n<tr>\n<td nowrap=\"nowrap\"><\/td>\n<td nowrap=\"nowrap\"><b><a href=\"http:\/\/www.citytrafik.nu\/index.php?page=hboka\">boka h\u00e4r! \u00bb<\/a><\/b><\/td>\n<\/tr>\n<\/tbody>\n<\/table>\n<table border=\"0\" cellpadding=\"3\">\n<tbody>\n<tr>\n<td><strong><a href=\"http:\/\/www.citytrafik.nu\/index.php?page=ohboka\">\u00d6rkelljunga<\/a><\/strong><\/td>\n<td><\/td>\n<\/tr>\n<tr>\n<td>Datum<\/td>\n<td>Tid<\/td>\n<\/tr>\n<tr>\n<td nowrap=\"nowrap\"><\/td>\n<td nowrap=\"nowrap\"><b><a href=\"http:\/\/www.citytrafik.nu\/index.php?page=ohboka\">boka h\u00e4r! \u00bb<\/a><\/b><\/td>\n<\/tr>\n<\/tbody>\n<\/table>\n<\/div>\n\t\t<\/div><div class=\"widget_text tt-block-aside widget\" id=\"text-23\">\t\t\t<div class=\"textwidget\"><h3 class=\"widget-title\">Boka Risk 1:an<\/h3>\n<table border=\"0\" cellpadding=\"3\">\n<tbody>\n<tr>\n<td><strong><a href=\"http:\/\/www.citytrafik.nu\/index.php?page=risk1bilboka\">\u00c4ngelholm<\/a><\/strong><\/td>\n<td><\/td>\n<\/tr>\n<tr>\n<td nowrap=\"nowrap\">2022-12-16<\/td>\n<td nowrap=\"nowrap\">09:00-12:30<\/td>\n<\/tr>\n<tr>\n<td nowrap=\"nowrap\">2023-01-13<\/td>\n<td nowrap=\"nowrap\">09:00-12:30<\/td>\n<\/tr>\n<tr>\n<td nowrap=\"nowrap\"><\/td>\n<td nowrap=\"nowrap\"><b><a href=\"http:\/\/www.citytrafik.nu\/index.php?page=risk1bilboka\">boka h\u00e4r!\u00bb<\/a><\/b><\/td>\n<\/tr>\n<\/tbody>\n<\/table>\n<p>&nbsp;<\/p>\n<\/div>\n\t\t<\/div><div class=\"widget_text tt-block-aside widget\" id=\"text-25\">\t\t\t<div class=\"textwidget\"><h3 class=\"widget-title\">Elevcentralen<\/h3>\n<p>Sv\u00e5rt att passa in trafikskolans \u00f6ppettider?<br \/>\n<strong>Nu kan du g\u00f6ra STRs teoritester hemma!<\/strong><\/p>\n<p><a href=\"http:\/\/www.elevcentralen.se\/\" target=\"_blank\" rel=\"noopener\"><strong>G\u00e5 till Elevcentralen \u00bb<\/strong><\/a><\/p>\n<\/div>\n\t\t<\/div><div class=\"widget_text tt-block-aside widget\" id=\"text-26\">\t\t\t<div class=\"textwidget\"><h3 class=\"widget-title\">Viktig information<\/h3>\n<p><strong>Avbokning av k\u00f6rlektion ska ske via personlig kontakt under v\u00e5ra \u00f6ppettider.<\/strong><\/p>\n<p>Avbokning skall ske senast arbetsdagen innan och f\u00f6re kl. 14,00 f\u00f6r att slippa debitering.<\/p>\n<p>Avbokning samma dag pga sjukdom skall den kunna styrkas av l\u00e4rare, arbetsgivare eller v\u00e5rdcentral.<\/p>\n<p>Intyg skall l\u00e4mnas inom 5 dagar fr\u00e5n sjuktillf\u00e4llet med kontaktuppgifter fr\u00e5n intygsgivaren<\/p>\n<\/div>\n\t\t<\/div>\t\t\t\t<\/div>\n\t\t\t\t<\/div>\n\t\t\t\t\t<\/div>\n\t\t<\/div>\n\t\t\t\t\t<\/div>\n\t\t<\/section>\n\t\t\t\t<\/div>\n\t\t","protected":false},"excerpt":{"rendered":"<p>Handledarkurs CITY h\u00e4lsar alla v\u00e4lkomna till handledar kurs!\u00a0\u00a0\u00a0\u00a0\u00a0\u00a0\u00a0\u00a0\u00a0\u00a0\u00a0\u00a0\u00a0\u00a0\u00a0 I kursen ing\u00e5r\u00a0\u00a0\u00a0 utbildnings matrial 3 timmars utbildning (L\u00e4rare + Powerpoint + filmer) fika i pauserna Med tag g\u00e4rna ett gott hum\u00f6r f\u00f6r allas trevnad! PS. Gl\u00f6m inte legitimation f\u00f6r alla!\u00a0 Anm\u00e4lan bindande, avbokning ska ske senast kl 13,00 vardagen innan, annars debiteras full avgift! BOKA HANDLEDARKURS [&hellip;]<\/p>\n","protected":false},"author":1,"featured_media":0,"parent":0,"menu_order":0,"comment_status":"closed","ping_status":"closed","template":"","meta":{"footnotes":""},"class_list":["post-2660","page","type-page","status-publish","hentry"],"_links":{"self":[{"href":"https:\/\/www.citytrafik.nu\/cityWP\/wp-json\/wp\/v2\/pages\/2660","targetHints":{"allow":["GET"]}}],"collection":[{"href":"https:\/\/www.citytrafik.nu\/cityWP\/wp-json\/wp\/v2\/pages"}],"about":[{"href":"https:\/\/www.citytrafik.nu\/cityWP\/wp-json\/wp\/v2\/types\/page"}],"author":[{"embeddable":true,"href":"https:\/\/www.citytrafik.nu\/cityWP\/wp-json\/wp\/v2\/users\/1"}],"replies":[{"embeddable":true,"href":"https:\/\/www.citytrafik.nu\/cityWP\/wp-json\/wp\/v2\/comments?post=2660"}],"version-history":[{"count":29,"href":"https:\/\/www.citytrafik.nu\/cityWP\/wp-json\/wp\/v2\/pages\/2660\/revisions"}],"predecessor-version":[{"id":3992,"href":"https:\/\/www.citytrafik.nu\/cityWP\/wp-json\/wp\/v2\/pages\/2660\/revisions\/3992"}],"wp:attachment":[{"href":"https:\/\/www.citytrafik.nu\/cityWP\/wp-json\/wp\/v2\/media?parent=2660"}],"curies":[{"name":"wp","href":"https:\/\/api.w.org\/{rel}","templated":true}]}}