{"id":2664,"date":"2022-11-27T09:45:49","date_gmt":"2022-11-27T08:45:49","guid":{"rendered":"https:\/\/www.citytrafik.nu\/cityWP\/?page_id=2664"},"modified":"2022-12-09T12:57:03","modified_gmt":"2022-12-09T11:57:03","slug":"risketta-car","status":"publish","type":"page","link":"https:\/\/www.citytrafik.nu\/cityWP\/risketta-car\/","title":{"rendered":"Riskettan Bil"},"content":{"rendered":"\t\t<div data-elementor-type=\"wp-page\" data-elementor-id=\"2664\" class=\"elementor elementor-2664\">\n\t\t\t\t\t\t<section class=\"elementor-section elementor-top-section elementor-element elementor-element-6612642 elementor-section-boxed elementor-section-height-default elementor-section-height-default\" data-id=\"6612642\" data-element_type=\"section\" data-e-type=\"section\">\n\t\t\t\t\t\t<div class=\"elementor-container elementor-column-gap-default\">\n\t\t\t\t\t<div class=\"elementor-column elementor-col-50 elementor-top-column elementor-element elementor-element-7cf709b\" data-id=\"7cf709b\" data-element_type=\"column\" data-e-type=\"column\">\n\t\t\t<div class=\"elementor-widget-wrap elementor-element-populated\">\n\t\t\t\t\t\t<div class=\"elementor-element elementor-element-761967f7 elementor-widget elementor-widget-text-editor\" data-id=\"761967f7\" data-element_type=\"widget\" data-e-type=\"widget\" data-widget_type=\"text-editor.default\">\n\t\t\t\t<div class=\"elementor-widget-container\">\n\t\t\t\t\t\t\t\t\t<h2 class=\"LNE_title\">Riskettan Bil<\/h2><p>Avgiften \u00e4r 750kr f\u00f6r alla, hos oss g\u00f6r vi ingen skillnad p\u00e5 kunder!<br \/><br \/>Kursen varar ca 3 tim + rast 2&#215;15 min<br \/><br \/>T\u00e4nk p\u00e5 att kursen m\u00e5ste bokas!<\/p><h3>Bakgrund<\/h3><p>Fr\u00e5n och med den 1 april 2009 ut\u00f6kas den obligatoriska riskutbildningen till en tv\u00e5delad utbildning.<br \/><br \/>Del 1 \u00e4r riskutbildningens nya del och omfattar alkohol, andra droger, tr\u00f6tthet och riskfyllda beteenden i \u00f6vrigt.<br \/>Del 2 \u00e4r riskutbildningens gamla del (halkbana) och omfattar hastighet, s\u00e4kerhet och k\u00f6rning under s\u00e4rskilda f\u00f6rh\u00e5llanden.<br \/><br \/>B\u00e5de del 1 och 2 ska vara genomf\u00f6rda och giltiga innan du g\u00f6r ett kunskapsprov och k\u00f6rprov. Riskutbildning kan genomf\u00f6ras hos utbildare som \u00e4r godk\u00e4nda av Transportstyrelsen.<br \/><br \/>En genomf\u00f6rd riskutbildning \u00e4r giltig i 5 \u00e5r men efter den 1 april upph\u00f6r riskutbildningen att g\u00e4lla samma dag som k\u00f6rkortet utf\u00e4rdas.<br \/><br \/>Den som f\u00e5tt sitt k\u00f6rkort \u00e5terkallat och m\u00e5ste g\u00f6ra om sitt kunskapsprov och k\u00f6rprov, m\u00e5ste fr\u00e5n den 1 april 2009 genomf\u00f6ra riskutbildning.<\/p>\t\t\t\t\t\t\t\t<\/div>\n\t\t\t\t<\/div>\n\t\t\t\t<div class=\"elementor-element elementor-element-7d194256 elementor-widget elementor-widget-text-editor\" data-id=\"7d194256\" data-element_type=\"widget\" data-e-type=\"widget\" data-widget_type=\"text-editor.default\">\n\t\t\t\t<div class=\"elementor-widget-container\">\n\t\t\t\t\t\t\t\t\t<h3>Undantag<\/h3><p>Har du genomf\u00f6rt den \u201dgamla\u201d riskutbildningen f\u00f6re den 1 april 2009 beh\u00f6ver du inte genomg\u00e5 riskutbildning del 1 och inte heller del 2. Detta g\u00e4ller s\u00e5 l\u00e4nge kunskapsprovet eller k\u00f6rprovet \u00e4r giltigt. N\u00e4r det godk\u00e4nda provets giltighetstid har g\u00e5tt ut g\u00e4ller det nya kravet p\u00e5 tv\u00e5delad utbildning. Om din gamla riskutbildning d\u00e5 fortfarande \u00e4r giltig, r\u00e4knas den som del 2, men du m\u00e5ste genomg\u00e5 riskutbildningens del 1.<br \/><br \/>Undantag fr\u00e5n kravet p\u00e5 genomf\u00f6rd riskutbildning g\u00e4ller f\u00f6r dig som ska upph\u00e4va villkor f\u00f6r automatv\u00e4xlat fordon, och f\u00f6r k\u00f6rkortsinnehavare som f\u00f6relagts att komma in med bevis om godk\u00e4nt f\u00f6rarprov f\u00f6r fortsatt k\u00f6rkortsinnehav.<\/p>\t\t\t\t\t\t\t\t<\/div>\n\t\t\t\t<\/div>\n\t\t\t\t\t<\/div>\n\t\t<\/div>\n\t\t\t\t<div class=\"elementor-column elementor-col-50 elementor-top-column elementor-element elementor-element-df9b86e\" data-id=\"df9b86e\" data-element_type=\"column\" data-e-type=\"column\">\n\t\t\t<div class=\"elementor-widget-wrap elementor-element-populated\">\n\t\t\t\t\t\t<div class=\"elementor-element elementor-element-d86e40e elementor-widget elementor-widget-sidebar\" data-id=\"d86e40e\" data-element_type=\"widget\" data-e-type=\"widget\" data-widget_type=\"sidebar.default\">\n\t\t\t\t<div class=\"elementor-widget-container\">\n\t\t\t\t\t<div class=\"widget_text tt-block-aside widget\" id=\"text-22\">\t\t\t<div class=\"textwidget\"><p><a href=\"http:\/\/www.citytrafik.nu\/index.php?page=hboka\"><img decoding=\"async\" src=\"http:\/\/www.citytrafik.nu\/Handledarkurser_s.png\" \/><\/a><\/p>\n<table border=\"0\" cellpadding=\"3\">\n<tbody>\n<tr>\n<td><strong><a href=\"http:\/\/www.citytrafik.nu\/index.php?page=hboka\">\u00c4ngelholm<\/a><\/strong><\/td>\n<td><\/td>\n<\/tr>\n<tr>\n<td>Datum<\/td>\n<td>Tid<\/td>\n<\/tr>\n<tr>\n<td nowrap=\"nowrap\">2023-01-16<\/td>\n<td nowrap=\"nowrap\">17:00-20:30<\/td>\n<\/tr>\n<tr>\n<td nowrap=\"nowrap\">2023-01-30<\/td>\n<td nowrap=\"nowrap\">17:00-20:30<\/td>\n<\/tr>\n<tr>\n<td nowrap=\"nowrap\"><\/td>\n<td nowrap=\"nowrap\"><b><a href=\"http:\/\/www.citytrafik.nu\/index.php?page=hboka\">boka h\u00e4r! \u00bb<\/a><\/b><\/td>\n<\/tr>\n<\/tbody>\n<\/table>\n<table border=\"0\" cellpadding=\"3\">\n<tbody>\n<tr>\n<td><strong><a href=\"http:\/\/www.citytrafik.nu\/index.php?page=ohboka\">\u00d6rkelljunga<\/a><\/strong><\/td>\n<td><\/td>\n<\/tr>\n<tr>\n<td>Datum<\/td>\n<td>Tid<\/td>\n<\/tr>\n<tr>\n<td nowrap=\"nowrap\"><\/td>\n<td nowrap=\"nowrap\"><b><a href=\"http:\/\/www.citytrafik.nu\/index.php?page=ohboka\">boka h\u00e4r! \u00bb<\/a><\/b><\/td>\n<\/tr>\n<\/tbody>\n<\/table>\n<\/div>\n\t\t<\/div><div class=\"widget_text tt-block-aside widget\" id=\"text-23\">\t\t\t<div class=\"textwidget\"><h3 class=\"widget-title\">Boka Risk 1:an<\/h3>\n<table border=\"0\" cellpadding=\"3\">\n<tbody>\n<tr>\n<td><strong><a href=\"http:\/\/www.citytrafik.nu\/index.php?page=risk1bilboka\">\u00c4ngelholm<\/a><\/strong><\/td>\n<td><\/td>\n<\/tr>\n<tr>\n<td nowrap=\"nowrap\">2022-12-16<\/td>\n<td nowrap=\"nowrap\">09:00-12:30<\/td>\n<\/tr>\n<tr>\n<td nowrap=\"nowrap\">2023-01-13<\/td>\n<td nowrap=\"nowrap\">09:00-12:30<\/td>\n<\/tr>\n<tr>\n<td nowrap=\"nowrap\"><\/td>\n<td nowrap=\"nowrap\"><b><a href=\"http:\/\/www.citytrafik.nu\/index.php?page=risk1bilboka\">boka h\u00e4r!\u00bb<\/a><\/b><\/td>\n<\/tr>\n<\/tbody>\n<\/table>\n<p>&nbsp;<\/p>\n<\/div>\n\t\t<\/div><div class=\"widget_text tt-block-aside widget\" id=\"text-25\">\t\t\t<div class=\"textwidget\"><h3 class=\"widget-title\">Elevcentralen<\/h3>\n<p>Sv\u00e5rt att passa in trafikskolans \u00f6ppettider?<br \/>\n<strong>Nu kan du g\u00f6ra STRs teoritester hemma!<\/strong><\/p>\n<p><a href=\"http:\/\/www.elevcentralen.se\/\" target=\"_blank\" rel=\"noopener\"><strong>G\u00e5 till Elevcentralen \u00bb<\/strong><\/a><\/p>\n<\/div>\n\t\t<\/div><div class=\"widget_text tt-block-aside widget\" id=\"text-26\">\t\t\t<div class=\"textwidget\"><h3 class=\"widget-title\">Viktig information<\/h3>\n<p><strong>Avbokning av k\u00f6rlektion ska ske via personlig kontakt under v\u00e5ra \u00f6ppettider.<\/strong><\/p>\n<p>Avbokning skall ske senast arbetsdagen innan och f\u00f6re kl. 14,00 f\u00f6r att slippa debitering.<\/p>\n<p>Avbokning samma dag pga sjukdom skall den kunna styrkas av l\u00e4rare, arbetsgivare eller v\u00e5rdcentral.<\/p>\n<p>Intyg skall l\u00e4mnas inom 5 dagar fr\u00e5n sjuktillf\u00e4llet med kontaktuppgifter fr\u00e5n intygsgivaren<\/p>\n<\/div>\n\t\t<\/div>\t\t\t\t<\/div>\n\t\t\t\t<\/div>\n\t\t\t\t\t<\/div>\n\t\t<\/div>\n\t\t\t\t\t<\/div>\n\t\t<\/section>\n\t\t\t\t<\/div>\n\t\t","protected":false},"excerpt":{"rendered":"<p>Riskettan Bil Avgiften \u00e4r 750kr f\u00f6r alla, hos oss g\u00f6r vi ingen skillnad p\u00e5 kunder! Kursen varar ca 3 tim + rast 2&#215;15 min T\u00e4nk p\u00e5 att kursen m\u00e5ste bokas! Bakgrund Fr\u00e5n och med den 1 april 2009 ut\u00f6kas den obligatoriska riskutbildningen till en tv\u00e5delad utbildning. Del 1 \u00e4r riskutbildningens nya del och omfattar alkohol, [&hellip;]<\/p>\n","protected":false},"author":1,"featured_media":0,"parent":0,"menu_order":0,"comment_status":"closed","ping_status":"closed","template":"","meta":{"footnotes":""},"class_list":["post-2664","page","type-page","status-publish","hentry"],"_links":{"self":[{"href":"https:\/\/www.citytrafik.nu\/cityWP\/wp-json\/wp\/v2\/pages\/2664","targetHints":{"allow":["GET"]}}],"collection":[{"href":"https:\/\/www.citytrafik.nu\/cityWP\/wp-json\/wp\/v2\/pages"}],"about":[{"href":"https:\/\/www.citytrafik.nu\/cityWP\/wp-json\/wp\/v2\/types\/page"}],"author":[{"embeddable":true,"href":"https:\/\/www.citytrafik.nu\/cityWP\/wp-json\/wp\/v2\/users\/1"}],"replies":[{"embeddable":true,"href":"https:\/\/www.citytrafik.nu\/cityWP\/wp-json\/wp\/v2\/comments?post=2664"}],"version-history":[{"count":35,"href":"https:\/\/www.citytrafik.nu\/cityWP\/wp-json\/wp\/v2\/pages\/2664\/revisions"}],"predecessor-version":[{"id":4070,"href":"https:\/\/www.citytrafik.nu\/cityWP\/wp-json\/wp\/v2\/pages\/2664\/revisions\/4070"}],"wp:attachment":[{"href":"https:\/\/www.citytrafik.nu\/cityWP\/wp-json\/wp\/v2\/media?parent=2664"}],"curies":[{"name":"wp","href":"https:\/\/api.w.org\/{rel}","templated":true}]}}