{"id":2667,"date":"2022-11-27T09:46:06","date_gmt":"2022-11-27T08:46:06","guid":{"rendered":"https:\/\/www.citytrafik.nu\/cityWP\/?page_id=2667"},"modified":"2022-12-09T10:58:42","modified_gmt":"2022-12-09T09:58:42","slug":"intensive-training","status":"publish","type":"page","link":"https:\/\/www.citytrafik.nu\/cityWP\/intensive-training\/","title":{"rendered":"Intensivutbildning 10-dagars kurs"},"content":{"rendered":"\t\t<div data-elementor-type=\"wp-page\" data-elementor-id=\"2667\" class=\"elementor elementor-2667\">\n\t\t\t\t\t\t<section class=\"elementor-section elementor-top-section elementor-element elementor-element-f414019 elementor-section-boxed elementor-section-height-default elementor-section-height-default\" data-id=\"f414019\" data-element_type=\"section\" data-e-type=\"section\">\n\t\t\t\t\t\t<div class=\"elementor-container elementor-column-gap-default\">\n\t\t\t\t\t<div class=\"elementor-column elementor-col-50 elementor-top-column elementor-element elementor-element-d4f9999\" data-id=\"d4f9999\" data-element_type=\"column\" data-e-type=\"column\">\n\t\t\t<div class=\"elementor-widget-wrap elementor-element-populated\">\n\t\t\t\t\t\t<div class=\"elementor-element elementor-element-44bd2f16 elementor-widget elementor-widget-text-editor\" data-id=\"44bd2f16\" data-element_type=\"widget\" data-e-type=\"widget\" data-widget_type=\"text-editor.default\">\n\t\t\t\t<div class=\"elementor-widget-container\">\n\t\t\t\t\t\t\t\t\t<p>Detta \u00e4r ett bra alternativ f\u00f6r dig som har\u00a0 har bra grundkunskaper genom att exempelvis ha \u00f6vningsk\u00f6rt privat.<\/p><p>V\u00e5r intensivutbilning inleds med en test-lektion f\u00f6r att se elevens kunskapsniv\u00e5. Dina f\u00f6rkunskaper avg\u00f6r hur m\u00e5nga lektioner vi bed\u00f6mer att du beh\u00f6ver ta.<\/p><p>Ett standard-exempel \u00e4r 10 k\u00f6rlektioner och teori, d\u00e4r teori och k\u00f6r\u00f6vningar varvas \u00f6ver en period av 10 dagar (2 veckor).<\/p><p>Boende kan ordnas f\u00f6r 150:- \/ natt (4 n\u00e4tter per vecka)<\/p><p>F\u00f6r mer information,\u00a0<a href=\"https:\/\/www.citytrafik.nu\/cityWP\/contact\/\">ring oss<\/a>!<\/p><h3><a href=\"https:\/\/www.citytrafik.nu\/cityWP\/prices\/\">Vill du veta priser? De finns h\u00e4r!<\/a><\/h3>\t\t\t\t\t\t\t\t<\/div>\n\t\t\t\t<\/div>\n\t\t\t\t\t<\/div>\n\t\t<\/div>\n\t\t\t\t<div class=\"elementor-column elementor-col-50 elementor-top-column elementor-element elementor-element-1962d2f\" data-id=\"1962d2f\" data-element_type=\"column\" data-e-type=\"column\">\n\t\t\t<div class=\"elementor-widget-wrap elementor-element-populated\">\n\t\t\t\t\t\t<div class=\"elementor-element elementor-element-0c98d5d elementor-widget elementor-widget-sidebar\" data-id=\"0c98d5d\" data-element_type=\"widget\" data-e-type=\"widget\" data-widget_type=\"sidebar.default\">\n\t\t\t\t<div class=\"elementor-widget-container\">\n\t\t\t\t\t<div class=\"widget_text tt-block-aside widget\" id=\"text-22\">\t\t\t<div class=\"textwidget\"><p><a href=\"http:\/\/www.citytrafik.nu\/index.php?page=hboka\"><img decoding=\"async\" src=\"http:\/\/www.citytrafik.nu\/Handledarkurser_s.png\" \/><\/a><\/p>\n<table border=\"0\" cellpadding=\"3\">\n<tbody>\n<tr>\n<td><strong><a href=\"http:\/\/www.citytrafik.nu\/index.php?page=hboka\">\u00c4ngelholm<\/a><\/strong><\/td>\n<td><\/td>\n<\/tr>\n<tr>\n<td>Datum<\/td>\n<td>Tid<\/td>\n<\/tr>\n<tr>\n<td nowrap=\"nowrap\">2023-01-16<\/td>\n<td nowrap=\"nowrap\">17:00-20:30<\/td>\n<\/tr>\n<tr>\n<td nowrap=\"nowrap\">2023-01-30<\/td>\n<td nowrap=\"nowrap\">17:00-20:30<\/td>\n<\/tr>\n<tr>\n<td nowrap=\"nowrap\"><\/td>\n<td nowrap=\"nowrap\"><b><a href=\"http:\/\/www.citytrafik.nu\/index.php?page=hboka\">boka h\u00e4r! \u00bb<\/a><\/b><\/td>\n<\/tr>\n<\/tbody>\n<\/table>\n<table border=\"0\" cellpadding=\"3\">\n<tbody>\n<tr>\n<td><strong><a href=\"http:\/\/www.citytrafik.nu\/index.php?page=ohboka\">\u00d6rkelljunga<\/a><\/strong><\/td>\n<td><\/td>\n<\/tr>\n<tr>\n<td>Datum<\/td>\n<td>Tid<\/td>\n<\/tr>\n<tr>\n<td nowrap=\"nowrap\"><\/td>\n<td nowrap=\"nowrap\"><b><a href=\"http:\/\/www.citytrafik.nu\/index.php?page=ohboka\">boka h\u00e4r! \u00bb<\/a><\/b><\/td>\n<\/tr>\n<\/tbody>\n<\/table>\n<\/div>\n\t\t<\/div><div class=\"widget_text tt-block-aside widget\" id=\"text-23\">\t\t\t<div class=\"textwidget\"><h3 class=\"widget-title\">Boka Risk 1:an<\/h3>\n<table border=\"0\" cellpadding=\"3\">\n<tbody>\n<tr>\n<td><strong><a href=\"http:\/\/www.citytrafik.nu\/index.php?page=risk1bilboka\">\u00c4ngelholm<\/a><\/strong><\/td>\n<td><\/td>\n<\/tr>\n<tr>\n<td nowrap=\"nowrap\">2022-12-16<\/td>\n<td nowrap=\"nowrap\">09:00-12:30<\/td>\n<\/tr>\n<tr>\n<td nowrap=\"nowrap\">2023-01-13<\/td>\n<td nowrap=\"nowrap\">09:00-12:30<\/td>\n<\/tr>\n<tr>\n<td nowrap=\"nowrap\"><\/td>\n<td nowrap=\"nowrap\"><b><a href=\"http:\/\/www.citytrafik.nu\/index.php?page=risk1bilboka\">boka h\u00e4r!\u00bb<\/a><\/b><\/td>\n<\/tr>\n<\/tbody>\n<\/table>\n<p>&nbsp;<\/p>\n<\/div>\n\t\t<\/div><div class=\"widget_text tt-block-aside widget\" id=\"text-25\">\t\t\t<div class=\"textwidget\"><h3 class=\"widget-title\">Elevcentralen<\/h3>\n<p>Sv\u00e5rt att passa in trafikskolans \u00f6ppettider?<br \/>\n<strong>Nu kan du g\u00f6ra STRs teoritester hemma!<\/strong><\/p>\n<p><a href=\"http:\/\/www.elevcentralen.se\/\" target=\"_blank\" rel=\"noopener\"><strong>G\u00e5 till Elevcentralen \u00bb<\/strong><\/a><\/p>\n<\/div>\n\t\t<\/div><div class=\"widget_text tt-block-aside widget\" id=\"text-26\">\t\t\t<div class=\"textwidget\"><h3 class=\"widget-title\">Viktig information<\/h3>\n<p><strong>Avbokning av k\u00f6rlektion ska ske via personlig kontakt under v\u00e5ra \u00f6ppettider.<\/strong><\/p>\n<p>Avbokning skall ske senast arbetsdagen innan och f\u00f6re kl. 14,00 f\u00f6r att slippa debitering.<\/p>\n<p>Avbokning samma dag pga sjukdom skall den kunna styrkas av l\u00e4rare, arbetsgivare eller v\u00e5rdcentral.<\/p>\n<p>Intyg skall l\u00e4mnas inom 5 dagar fr\u00e5n sjuktillf\u00e4llet med kontaktuppgifter fr\u00e5n intygsgivaren<\/p>\n<\/div>\n\t\t<\/div>\t\t\t\t<\/div>\n\t\t\t\t<\/div>\n\t\t\t\t\t<\/div>\n\t\t<\/div>\n\t\t\t\t\t<\/div>\n\t\t<\/section>\n\t\t\t\t<\/div>\n\t\t","protected":false},"excerpt":{"rendered":"<p>Detta \u00e4r ett bra alternativ f\u00f6r dig som har\u00a0 har bra grundkunskaper genom att exempelvis ha \u00f6vningsk\u00f6rt privat. V\u00e5r intensivutbilning inleds med en test-lektion f\u00f6r att se elevens kunskapsniv\u00e5. Dina f\u00f6rkunskaper avg\u00f6r hur m\u00e5nga lektioner vi bed\u00f6mer att du beh\u00f6ver ta. Ett standard-exempel \u00e4r 10 k\u00f6rlektioner och teori, d\u00e4r teori och k\u00f6r\u00f6vningar varvas \u00f6ver en [&hellip;]<\/p>\n","protected":false},"author":1,"featured_media":0,"parent":0,"menu_order":0,"comment_status":"closed","ping_status":"closed","template":"","meta":{"footnotes":""},"class_list":["post-2667","page","type-page","status-publish","hentry"],"_links":{"self":[{"href":"https:\/\/www.citytrafik.nu\/cityWP\/wp-json\/wp\/v2\/pages\/2667","targetHints":{"allow":["GET"]}}],"collection":[{"href":"https:\/\/www.citytrafik.nu\/cityWP\/wp-json\/wp\/v2\/pages"}],"about":[{"href":"https:\/\/www.citytrafik.nu\/cityWP\/wp-json\/wp\/v2\/types\/page"}],"author":[{"embeddable":true,"href":"https:\/\/www.citytrafik.nu\/cityWP\/wp-json\/wp\/v2\/users\/1"}],"replies":[{"embeddable":true,"href":"https:\/\/www.citytrafik.nu\/cityWP\/wp-json\/wp\/v2\/comments?post=2667"}],"version-history":[{"count":41,"href":"https:\/\/www.citytrafik.nu\/cityWP\/wp-json\/wp\/v2\/pages\/2667\/revisions"}],"predecessor-version":[{"id":4025,"href":"https:\/\/www.citytrafik.nu\/cityWP\/wp-json\/wp\/v2\/pages\/2667\/revisions\/4025"}],"wp:attachment":[{"href":"https:\/\/www.citytrafik.nu\/cityWP\/wp-json\/wp\/v2\/media?parent=2667"}],"curies":[{"name":"wp","href":"https:\/\/api.w.org\/{rel}","templated":true}]}}