{"id":2671,"date":"2022-11-27T09:46:50","date_gmt":"2022-11-27T08:46:50","guid":{"rendered":"https:\/\/www.citytrafik.nu\/cityWP\/?page_id=2671"},"modified":"2022-12-09T11:02:17","modified_gmt":"2022-12-09T10:02:17","slug":"passenger-car-b","status":"publish","type":"page","link":"https:\/\/www.citytrafik.nu\/cityWP\/passenger-car-b\/","title":{"rendered":"Personbil, B"},"content":{"rendered":"\t\t<div data-elementor-type=\"wp-page\" data-elementor-id=\"2671\" class=\"elementor elementor-2671\">\n\t\t\t\t\t\t<section class=\"elementor-section elementor-top-section elementor-element elementor-element-d54da59 elementor-section-boxed elementor-section-height-default elementor-section-height-default\" data-id=\"d54da59\" data-element_type=\"section\" data-e-type=\"section\">\n\t\t\t\t\t\t<div class=\"elementor-container elementor-column-gap-default\">\n\t\t\t\t\t<div class=\"elementor-column elementor-col-50 elementor-top-column elementor-element elementor-element-fcdd3c2\" data-id=\"fcdd3c2\" data-element_type=\"column\" data-e-type=\"column\">\n\t\t\t<div class=\"elementor-widget-wrap elementor-element-populated\">\n\t\t\t\t\t\t<div class=\"elementor-element elementor-element-46b238c3 elementor-widget elementor-widget-text-editor\" data-id=\"46b238c3\" data-element_type=\"widget\" data-e-type=\"widget\" data-widget_type=\"text-editor.default\">\n\t\t\t\t<div class=\"elementor-widget-container\">\n\t\t\t\t\t\t\t\t\t<p>Vi erbjuder komplett utbildning f\u00f6r beh\u00f6righet B. \u00c5ldersgr\u00e4nsen \u00e4r 18 \u00e5r f\u00f6r beh\u00f6righet B och du f\u00e5r b\u00f6rja \u00f6vningsk\u00f6ra, b\u00e5de p\u00e5 trafikskola och privat, n\u00e4r du \u00e4r 16 \u00e5r.<\/p><h2><a href=\"http:\/\/www.citytrafik.nu\/index.php?page=priser\">Vill du veta priser? De finns h\u00e4r!<\/a><\/h2><p>\u00a0<\/p><h3>K\u00f6rkortstillst\u00e5nd<\/h3><p>F\u00f6r att kunna b\u00f6rja \u00f6vningsk\u00f6ra och p\u00e5b\u00f6rja din utbildning m\u00e5ste du f\u00f6rst ans\u00f6ka om k\u00f6rkortstillst\u00e5nd. Efter att ha gjort det obligatoriska syntestet utan kostnad p\u00e5 trafikskolan s\u00e5 skickar du in din ans\u00f6kan till Transportstyrelsen tillsammans med en h\u00e4lsodeklaration. Transportstyrelsen behandlar din ans\u00f6kan n\u00e4r du betalat in avgiften f\u00f6r k\u00f6rkortstillst\u00e5nd.<br \/><a href=\"https:\/\/transportstyrelsen.se\/sv\/vagtrafik\/e-tjanster-och-blanketter\/\" target=\"_blank\" rel=\"noopener\">Blankett h\u00e4r<\/a><br \/><br \/>\u00a0<\/p><h3>Handledarutbildning<\/h3><p>Om du t\u00e4nker \u00f6vningsk\u00f6ra privat m\u00e5ste du numera enligt lag g\u00e5 en handledarutbildning tillsammans med din\/dina handledare. Kontakta oss s\u00e5 hj\u00e4lper vi er!<\/p><p>\u00a0<\/p><h3>Teori<\/h3><p>N\u00e4r du betalat teoriavgift eller ett startpaket f\u00e5r du dina b\u00f6cker och kan b\u00f6rja med teorin. Du b\u00f6rjar med att g\u00e5 p\u00e5 teorilektioner parallellt som du g\u00f6r skolans dataprov. Dataproven best\u00e5r av 6 instuderingsfaser (gl\u00f6m inte ta med din bok) och 6 tidsbegr\u00e4nsade delprov med 70 fr\u00e5gor p\u00e5 varje.<br \/><br \/>N\u00e4r du betalat teoriavgiften eller ett startpaket f\u00e5r du dina b\u00f6cker och inloggningsuppgifter till elevcentralen. Du b\u00f6rjar med att g\u00e5 teorilektionerna parallellt som du g\u00f6r dataprov p\u00e5 elevcentralen.<\/p><p>Dataproven best\u00e5r av en del som heter Plugga och en del som heter Sluttest. I plugga s\u00e5 jobbar man med 17 olika moment och alla dom ska bli 100%. I plugga f\u00e5r man reda p\u00e5 svaret direkt och dom visar vad du svarat fel och vad det r\u00e4tta svaret \u00e4r. Sluttesterna \u00e4r uppbyggt som teoriprovet, vi har 65st fr\u00e5gor och 58 r\u00e4tt m\u00e5ste man ha f\u00f6r att vara godk\u00e4nd. P\u00e5 sluttesterna svarar man p\u00e5 alla fr\u00e5gorna f\u00f6rst och sen r\u00e4ttar man det, sen kan du g\u00e5 igenom svaren och se vad du svarat fel och \u00e4ven se det r\u00e4tta svaret. Det \u00e4r obegr\u00e4nsat med dataprov p\u00e5 elevcentralen.<\/p><p>\u00a0<\/p><h3>K\u00f6rlektioner<\/h3><p>Parallellt med teorin tar du dina k\u00f6rlektioner. Din handledare vid privat \u00f6vningsk\u00f6rning \u00e4r sj\u00e4lvklart v\u00e4lkommen att f\u00f6lja med i bilen under lektionerna!<\/p><p>\u00a0<\/p><h3>M\u00f6rkerk\u00f6rning<\/h3><p>Om du ska k\u00f6ra upp under perioden november-februari \u00e4r en lektion i m\u00f6rkerk\u00f6rning obligatorisk.<\/p><p>\u00a0<\/p><h3>Riskutbildning 1 och 2<\/h3><p>Riskutbildning 1 (alkohol, \u00f6vriga droger, tr\u00f6tthet och riskfyllda beteenden) och riskutbildning 2 (halkbana inklusive hastighet, s\u00e4kerhet och k\u00f6rning under s\u00e4rskilda f\u00f6rh\u00e5llanden).<\/p><p>Riskutbildning 1 sker p\u00e5 trafikskolan i \u00c4ngelholm och riskutbildning 2 sker p\u00e5 Kristinehedsbanan. Transport dit och tillbaka ing\u00e5r i ditt startpaket.<br \/><br \/>B\u00e5de del 1 och 2 m\u00e5ste vara genomf\u00f6rda och godk\u00e4nda innan uppskrivning och uppk\u00f6rning genomf\u00f6rs. En godk\u00e4nd riskutbildning \u00e4r giltig i 5 \u00e5r.<br \/>\u00a0\u00a0\u00a0\u00a0 \u00a0<\/p><p>\u00a0<\/p><h3>Uppskrivning och uppk\u00f6rning<\/h3><p>Uppskrivning och uppk\u00f6rning bokas med max 14 dagars mellanrum enligt Trafikverkets regler. Skulle n\u00e5got av proven underk\u00e4nnas har du upp till tv\u00e5 m\u00e5nader p\u00e5 dig att g\u00f6ra ett omprov (tiden b\u00f6rjar ticka den dagen du genomf\u00f6r ditt teoriprov). Trafikverket garanterar att alla ska f\u00e5 m\u00f6jlighet till ett omprov inom tv\u00e5 m\u00e5nader.<\/p><p>S\u00e5 g\u00e5r uppk\u00f6rningen till:\u00a0Trafikverkets\u00a0<a id=\"fck_paste_padding\"><\/a>inspekt\u00f6r kommer f\u00f6rklara hur k\u00f6rprovet g\u00e5r till, men i korta drag kan n\u00e4mnas att hela provet tar ungef\u00e4r 45 minuter inklusive k\u00f6rning i och utanf\u00f6r t\u00e4tort samt s\u00e4kerhetskontroll.<\/p>\t\t\t\t\t\t\t\t<\/div>\n\t\t\t\t<\/div>\n\t\t\t\t\t<\/div>\n\t\t<\/div>\n\t\t\t\t<div class=\"elementor-column elementor-col-50 elementor-top-column elementor-element elementor-element-5fe4b97\" data-id=\"5fe4b97\" data-element_type=\"column\" data-e-type=\"column\">\n\t\t\t<div class=\"elementor-widget-wrap elementor-element-populated\">\n\t\t\t\t\t\t<div class=\"elementor-element elementor-element-55385b5 elementor-widget elementor-widget-sidebar\" data-id=\"55385b5\" data-element_type=\"widget\" data-e-type=\"widget\" data-widget_type=\"sidebar.default\">\n\t\t\t\t<div class=\"elementor-widget-container\">\n\t\t\t\t\t<div class=\"widget_text tt-block-aside widget\" id=\"text-22\">\t\t\t<div class=\"textwidget\"><p><a href=\"http:\/\/www.citytrafik.nu\/index.php?page=hboka\"><img decoding=\"async\" src=\"http:\/\/www.citytrafik.nu\/Handledarkurser_s.png\" \/><\/a><\/p>\n<table border=\"0\" cellpadding=\"3\">\n<tbody>\n<tr>\n<td><strong><a href=\"http:\/\/www.citytrafik.nu\/index.php?page=hboka\">\u00c4ngelholm<\/a><\/strong><\/td>\n<td><\/td>\n<\/tr>\n<tr>\n<td>Datum<\/td>\n<td>Tid<\/td>\n<\/tr>\n<tr>\n<td nowrap=\"nowrap\">2023-01-16<\/td>\n<td nowrap=\"nowrap\">17:00-20:30<\/td>\n<\/tr>\n<tr>\n<td nowrap=\"nowrap\">2023-01-30<\/td>\n<td nowrap=\"nowrap\">17:00-20:30<\/td>\n<\/tr>\n<tr>\n<td nowrap=\"nowrap\"><\/td>\n<td nowrap=\"nowrap\"><b><a href=\"http:\/\/www.citytrafik.nu\/index.php?page=hboka\">boka h\u00e4r! \u00bb<\/a><\/b><\/td>\n<\/tr>\n<\/tbody>\n<\/table>\n<table border=\"0\" cellpadding=\"3\">\n<tbody>\n<tr>\n<td><strong><a href=\"http:\/\/www.citytrafik.nu\/index.php?page=ohboka\">\u00d6rkelljunga<\/a><\/strong><\/td>\n<td><\/td>\n<\/tr>\n<tr>\n<td>Datum<\/td>\n<td>Tid<\/td>\n<\/tr>\n<tr>\n<td nowrap=\"nowrap\"><\/td>\n<td nowrap=\"nowrap\"><b><a href=\"http:\/\/www.citytrafik.nu\/index.php?page=ohboka\">boka h\u00e4r! \u00bb<\/a><\/b><\/td>\n<\/tr>\n<\/tbody>\n<\/table>\n<\/div>\n\t\t<\/div><div class=\"widget_text tt-block-aside widget\" id=\"text-23\">\t\t\t<div class=\"textwidget\"><h3 class=\"widget-title\">Boka Risk 1:an<\/h3>\n<table border=\"0\" cellpadding=\"3\">\n<tbody>\n<tr>\n<td><strong><a href=\"http:\/\/www.citytrafik.nu\/index.php?page=risk1bilboka\">\u00c4ngelholm<\/a><\/strong><\/td>\n<td><\/td>\n<\/tr>\n<tr>\n<td nowrap=\"nowrap\">2022-12-16<\/td>\n<td nowrap=\"nowrap\">09:00-12:30<\/td>\n<\/tr>\n<tr>\n<td nowrap=\"nowrap\">2023-01-13<\/td>\n<td nowrap=\"nowrap\">09:00-12:30<\/td>\n<\/tr>\n<tr>\n<td nowrap=\"nowrap\"><\/td>\n<td nowrap=\"nowrap\"><b><a href=\"http:\/\/www.citytrafik.nu\/index.php?page=risk1bilboka\">boka h\u00e4r!\u00bb<\/a><\/b><\/td>\n<\/tr>\n<\/tbody>\n<\/table>\n<p>&nbsp;<\/p>\n<\/div>\n\t\t<\/div><div class=\"widget_text tt-block-aside widget\" id=\"text-25\">\t\t\t<div class=\"textwidget\"><h3 class=\"widget-title\">Elevcentralen<\/h3>\n<p>Sv\u00e5rt att passa in trafikskolans \u00f6ppettider?<br \/>\n<strong>Nu kan du g\u00f6ra STRs teoritester hemma!<\/strong><\/p>\n<p><a href=\"http:\/\/www.elevcentralen.se\/\" target=\"_blank\" rel=\"noopener\"><strong>G\u00e5 till Elevcentralen \u00bb<\/strong><\/a><\/p>\n<\/div>\n\t\t<\/div><div class=\"widget_text tt-block-aside widget\" id=\"text-26\">\t\t\t<div class=\"textwidget\"><h3 class=\"widget-title\">Viktig information<\/h3>\n<p><strong>Avbokning av k\u00f6rlektion ska ske via personlig kontakt under v\u00e5ra \u00f6ppettider.<\/strong><\/p>\n<p>Avbokning skall ske senast arbetsdagen innan och f\u00f6re kl. 14,00 f\u00f6r att slippa debitering.<\/p>\n<p>Avbokning samma dag pga sjukdom skall den kunna styrkas av l\u00e4rare, arbetsgivare eller v\u00e5rdcentral.<\/p>\n<p>Intyg skall l\u00e4mnas inom 5 dagar fr\u00e5n sjuktillf\u00e4llet med kontaktuppgifter fr\u00e5n intygsgivaren<\/p>\n<\/div>\n\t\t<\/div>\t\t\t\t<\/div>\n\t\t\t\t<\/div>\n\t\t\t\t\t<\/div>\n\t\t<\/div>\n\t\t\t\t\t<\/div>\n\t\t<\/section>\n\t\t\t\t<\/div>\n\t\t","protected":false},"excerpt":{"rendered":"<p>Vi erbjuder komplett utbildning f\u00f6r beh\u00f6righet B. \u00c5ldersgr\u00e4nsen \u00e4r 18 \u00e5r f\u00f6r beh\u00f6righet B och du f\u00e5r b\u00f6rja \u00f6vningsk\u00f6ra, b\u00e5de p\u00e5 trafikskola och privat, n\u00e4r du \u00e4r 16 \u00e5r. Vill du veta priser? De finns h\u00e4r! \u00a0 K\u00f6rkortstillst\u00e5nd F\u00f6r att kunna b\u00f6rja \u00f6vningsk\u00f6ra och p\u00e5b\u00f6rja din utbildning m\u00e5ste du f\u00f6rst ans\u00f6ka om k\u00f6rkortstillst\u00e5nd. Efter att [&hellip;]<\/p>\n","protected":false},"author":1,"featured_media":0,"parent":0,"menu_order":0,"comment_status":"closed","ping_status":"closed","template":"","meta":{"footnotes":""},"class_list":["post-2671","page","type-page","status-publish","hentry"],"_links":{"self":[{"href":"https:\/\/www.citytrafik.nu\/cityWP\/wp-json\/wp\/v2\/pages\/2671","targetHints":{"allow":["GET"]}}],"collection":[{"href":"https:\/\/www.citytrafik.nu\/cityWP\/wp-json\/wp\/v2\/pages"}],"about":[{"href":"https:\/\/www.citytrafik.nu\/cityWP\/wp-json\/wp\/v2\/types\/page"}],"author":[{"embeddable":true,"href":"https:\/\/www.citytrafik.nu\/cityWP\/wp-json\/wp\/v2\/users\/1"}],"replies":[{"embeddable":true,"href":"https:\/\/www.citytrafik.nu\/cityWP\/wp-json\/wp\/v2\/comments?post=2671"}],"version-history":[{"count":32,"href":"https:\/\/www.citytrafik.nu\/cityWP\/wp-json\/wp\/v2\/pages\/2671\/revisions"}],"predecessor-version":[{"id":4029,"href":"https:\/\/www.citytrafik.nu\/cityWP\/wp-json\/wp\/v2\/pages\/2671\/revisions\/4029"}],"wp:attachment":[{"href":"https:\/\/www.citytrafik.nu\/cityWP\/wp-json\/wp\/v2\/media?parent=2671"}],"curies":[{"name":"wp","href":"https:\/\/api.w.org\/{rel}","templated":true}]}}