{"id":2679,"date":"2022-11-27T09:48:35","date_gmt":"2022-11-27T08:48:35","guid":{"rendered":"https:\/\/www.citytrafik.nu\/cityWP\/?page_id=2679"},"modified":"2022-12-09T13:42:59","modified_gmt":"2022-12-09T12:42:59","slug":"forms","status":"publish","type":"page","link":"https:\/\/www.citytrafik.nu\/cityWP\/forms\/","title":{"rendered":"BLANKETTER"},"content":{"rendered":"\t\t<div data-elementor-type=\"wp-page\" data-elementor-id=\"2679\" class=\"elementor elementor-2679\">\n\t\t\t\t\t\t<section class=\"elementor-section elementor-top-section elementor-element elementor-element-7d9198 elementor-section-full_width elementor-section-height-default elementor-section-height-default\" data-id=\"7d9198\" data-element_type=\"section\" data-e-type=\"section\">\n\t\t\t\t\t\t<div class=\"elementor-container elementor-column-gap-no\">\n\t\t\t\t\t<div class=\"elementor-column elementor-col-100 elementor-top-column elementor-element elementor-element-66f9ea4d\" data-id=\"66f9ea4d\" data-element_type=\"column\" data-e-type=\"column\" data-settings=\"{&quot;background_background&quot;:&quot;classic&quot;}\">\n\t\t\t<div class=\"elementor-widget-wrap elementor-element-populated\">\n\t\t\t\t\t\t<section class=\"elementor-section elementor-inner-section elementor-element elementor-element-5f9fabec elementor-section-boxed elementor-section-height-default elementor-section-height-default\" data-id=\"5f9fabec\" data-element_type=\"section\" data-e-type=\"section\">\n\t\t\t\t\t\t<div class=\"elementor-container elementor-column-gap-default\">\n\t\t\t\t\t<div class=\"elementor-column elementor-col-50 elementor-inner-column elementor-element elementor-element-27b03148\" data-id=\"27b03148\" data-element_type=\"column\" data-e-type=\"column\">\n\t\t\t<div class=\"elementor-widget-wrap\">\n\t\t\t\t\t\t\t<\/div>\n\t\t<\/div>\n\t\t\t\t<div class=\"elementor-column elementor-col-50 elementor-inner-column elementor-element elementor-element-2a3b0122\" data-id=\"2a3b0122\" data-element_type=\"column\" data-e-type=\"column\">\n\t\t\t<div class=\"elementor-widget-wrap\">\n\t\t\t\t\t\t\t<\/div>\n\t\t<\/div>\n\t\t\t\t\t<\/div>\n\t\t<\/section>\n\t\t\t\t\t<\/div>\n\t\t<\/div>\n\t\t\t\t\t<\/div>\n\t\t<\/section>\n\t\t\t\t<section class=\"elementor-section elementor-top-section elementor-element elementor-element-0351223 elementor-section-boxed elementor-section-height-default elementor-section-height-default\" data-id=\"0351223\" data-element_type=\"section\" data-e-type=\"section\">\n\t\t\t\t\t\t<div class=\"elementor-container elementor-column-gap-default\">\n\t\t\t\t\t<div class=\"elementor-column elementor-col-50 elementor-top-column elementor-element elementor-element-135b297\" data-id=\"135b297\" data-element_type=\"column\" data-e-type=\"column\">\n\t\t\t<div class=\"elementor-widget-wrap elementor-element-populated\">\n\t\t\t\t\t\t<div class=\"elementor-element elementor-element-768ec95a elementor-widget elementor-widget-heading\" data-id=\"768ec95a\" data-element_type=\"widget\" data-e-type=\"widget\" data-widget_type=\"heading.default\">\n\t\t\t\t<div class=\"elementor-widget-container\">\n\t\t\t\t\t<h3 class=\"elementor-heading-title elementor-size-default\">Blanketter\n<\/h3>\t\t\t\t<\/div>\n\t\t\t\t<\/div>\n\t\t\t\t<div class=\"elementor-element elementor-element-708d1478 elementor-widget elementor-widget-text-editor\" data-id=\"708d1478\" data-element_type=\"widget\" data-e-type=\"widget\" data-widget_type=\"text-editor.default\">\n\t\t\t\t<div class=\"elementor-widget-container\">\n\t\t\t\t\t\t\t\t\t<div id=\"content-wrap\" class=\"three-col\">\n<div id=\"main\">\n<p>H\u00e4r kan du komma vidare till blanketter som beh\u00f6vs till din utbildning!<\/p>\n<ul>\n<li>K\u00f6rkortstillst\u00e5nd (med h\u00e4lsodeklaration)<\/li><li>Ans\u00f6kan om godk\u00e4nnande som handledare vid privat \u00f6vningsk\u00f6rning<\/li>\n<\/ul>\n<\/div>\n<\/div>\t\t\t\t\t\t\t\t<\/div>\n\t\t\t\t<\/div>\n\t\t\t\t\t<\/div>\n\t\t<\/div>\n\t\t\t\t<div class=\"elementor-column elementor-col-50 elementor-top-column elementor-element elementor-element-3435450\" data-id=\"3435450\" data-element_type=\"column\" data-e-type=\"column\">\n\t\t\t<div class=\"elementor-widget-wrap elementor-element-populated\">\n\t\t\t\t\t\t<div class=\"elementor-element elementor-element-d0a1cba elementor-widget elementor-widget-sidebar\" data-id=\"d0a1cba\" data-element_type=\"widget\" data-e-type=\"widget\" data-widget_type=\"sidebar.default\">\n\t\t\t\t<div class=\"elementor-widget-container\">\n\t\t\t\t\t<div class=\"widget_text tt-block-aside widget\" id=\"text-22\">\t\t\t<div class=\"textwidget\"><p><a href=\"http:\/\/www.citytrafik.nu\/index.php?page=hboka\"><img decoding=\"async\" src=\"http:\/\/www.citytrafik.nu\/Handledarkurser_s.png\" \/><\/a><\/p>\n<table border=\"0\" cellpadding=\"3\">\n<tbody>\n<tr>\n<td><strong><a href=\"http:\/\/www.citytrafik.nu\/index.php?page=hboka\">\u00c4ngelholm<\/a><\/strong><\/td>\n<td><\/td>\n<\/tr>\n<tr>\n<td>Datum<\/td>\n<td>Tid<\/td>\n<\/tr>\n<tr>\n<td nowrap=\"nowrap\">2023-01-16<\/td>\n<td nowrap=\"nowrap\">17:00-20:30<\/td>\n<\/tr>\n<tr>\n<td nowrap=\"nowrap\">2023-01-30<\/td>\n<td nowrap=\"nowrap\">17:00-20:30<\/td>\n<\/tr>\n<tr>\n<td nowrap=\"nowrap\"><\/td>\n<td nowrap=\"nowrap\"><b><a href=\"http:\/\/www.citytrafik.nu\/index.php?page=hboka\">boka h\u00e4r! \u00bb<\/a><\/b><\/td>\n<\/tr>\n<\/tbody>\n<\/table>\n<table border=\"0\" cellpadding=\"3\">\n<tbody>\n<tr>\n<td><strong><a href=\"http:\/\/www.citytrafik.nu\/index.php?page=ohboka\">\u00d6rkelljunga<\/a><\/strong><\/td>\n<td><\/td>\n<\/tr>\n<tr>\n<td>Datum<\/td>\n<td>Tid<\/td>\n<\/tr>\n<tr>\n<td nowrap=\"nowrap\"><\/td>\n<td nowrap=\"nowrap\"><b><a href=\"http:\/\/www.citytrafik.nu\/index.php?page=ohboka\">boka h\u00e4r! \u00bb<\/a><\/b><\/td>\n<\/tr>\n<\/tbody>\n<\/table>\n<\/div>\n\t\t<\/div><div class=\"widget_text tt-block-aside widget\" id=\"text-23\">\t\t\t<div class=\"textwidget\"><h3 class=\"widget-title\">Boka Risk 1:an<\/h3>\n<table border=\"0\" cellpadding=\"3\">\n<tbody>\n<tr>\n<td><strong><a href=\"http:\/\/www.citytrafik.nu\/index.php?page=risk1bilboka\">\u00c4ngelholm<\/a><\/strong><\/td>\n<td><\/td>\n<\/tr>\n<tr>\n<td nowrap=\"nowrap\">2022-12-16<\/td>\n<td nowrap=\"nowrap\">09:00-12:30<\/td>\n<\/tr>\n<tr>\n<td nowrap=\"nowrap\">2023-01-13<\/td>\n<td nowrap=\"nowrap\">09:00-12:30<\/td>\n<\/tr>\n<tr>\n<td nowrap=\"nowrap\"><\/td>\n<td nowrap=\"nowrap\"><b><a href=\"http:\/\/www.citytrafik.nu\/index.php?page=risk1bilboka\">boka h\u00e4r!\u00bb<\/a><\/b><\/td>\n<\/tr>\n<\/tbody>\n<\/table>\n<p>&nbsp;<\/p>\n<\/div>\n\t\t<\/div><div class=\"widget_text tt-block-aside widget\" id=\"text-25\">\t\t\t<div class=\"textwidget\"><h3 class=\"widget-title\">Elevcentralen<\/h3>\n<p>Sv\u00e5rt att passa in trafikskolans \u00f6ppettider?<br \/>\n<strong>Nu kan du g\u00f6ra STRs teoritester hemma!<\/strong><\/p>\n<p><a href=\"http:\/\/www.elevcentralen.se\/\" target=\"_blank\" rel=\"noopener\"><strong>G\u00e5 till Elevcentralen \u00bb<\/strong><\/a><\/p>\n<\/div>\n\t\t<\/div><div class=\"widget_text tt-block-aside widget\" id=\"text-26\">\t\t\t<div class=\"textwidget\"><h3 class=\"widget-title\">Viktig information<\/h3>\n<p><strong>Avbokning av k\u00f6rlektion ska ske via personlig kontakt under v\u00e5ra \u00f6ppettider.<\/strong><\/p>\n<p>Avbokning skall ske senast arbetsdagen innan och f\u00f6re kl. 14,00 f\u00f6r att slippa debitering.<\/p>\n<p>Avbokning samma dag pga sjukdom skall den kunna styrkas av l\u00e4rare, arbetsgivare eller v\u00e5rdcentral.<\/p>\n<p>Intyg skall l\u00e4mnas inom 5 dagar fr\u00e5n sjuktillf\u00e4llet med kontaktuppgifter fr\u00e5n intygsgivaren<\/p>\n<\/div>\n\t\t<\/div>\t\t\t\t<\/div>\n\t\t\t\t<\/div>\n\t\t\t\t\t<\/div>\n\t\t<\/div>\n\t\t\t\t\t<\/div>\n\t\t<\/section>\n\t\t\t\t<\/div>\n\t\t","protected":false},"excerpt":{"rendered":"<p>Blanketter H\u00e4r kan du komma vidare till blanketter som beh\u00f6vs till din utbildning! K\u00f6rkortstillst\u00e5nd (med h\u00e4lsodeklaration) Ans\u00f6kan om godk\u00e4nnande som handledare vid privat \u00f6vningsk\u00f6rning<\/p>\n","protected":false},"author":1,"featured_media":0,"parent":0,"menu_order":0,"comment_status":"closed","ping_status":"closed","template":"","meta":{"footnotes":""},"class_list":["post-2679","page","type-page","status-publish","hentry"],"_links":{"self":[{"href":"https:\/\/www.citytrafik.nu\/cityWP\/wp-json\/wp\/v2\/pages\/2679","targetHints":{"allow":["GET"]}}],"collection":[{"href":"https:\/\/www.citytrafik.nu\/cityWP\/wp-json\/wp\/v2\/pages"}],"about":[{"href":"https:\/\/www.citytrafik.nu\/cityWP\/wp-json\/wp\/v2\/types\/page"}],"author":[{"embeddable":true,"href":"https:\/\/www.citytrafik.nu\/cityWP\/wp-json\/wp\/v2\/users\/1"}],"replies":[{"embeddable":true,"href":"https:\/\/www.citytrafik.nu\/cityWP\/wp-json\/wp\/v2\/comments?post=2679"}],"version-history":[{"count":26,"href":"https:\/\/www.citytrafik.nu\/cityWP\/wp-json\/wp\/v2\/pages\/2679\/revisions"}],"predecessor-version":[{"id":4082,"href":"https:\/\/www.citytrafik.nu\/cityWP\/wp-json\/wp\/v2\/pages\/2679\/revisions\/4082"}],"wp:attachment":[{"href":"https:\/\/www.citytrafik.nu\/cityWP\/wp-json\/wp\/v2\/media?parent=2679"}],"curies":[{"name":"wp","href":"https:\/\/api.w.org\/{rel}","templated":true}]}}