{"id":4084,"date":"2022-12-09T13:59:21","date_gmt":"2022-12-09T12:59:21","guid":{"rendered":"https:\/\/www.citytrafik.nu\/cityWP\/?page_id=4084"},"modified":"2022-12-09T20:36:23","modified_gmt":"2022-12-09T19:36:23","slug":"prices","status":"publish","type":"page","link":"https:\/\/www.citytrafik.nu\/cityWP\/prices\/","title":{"rendered":"Prices"},"content":{"rendered":"<p>[vc_row el_class=&#8221;in-full-column mov-right1-section home-lesson-pkg&#8221;][vc_column width=&#8221;5\/6&#8243; css=&#8221;.vc_custom_1518062689610{padding-top: 0px !important;}&#8221;][vc_custom_heading text=&#8221;V\u00e5ra priser&#8221; font_container=&#8221;tag:h2|text_align:center|color:%23333333&#8243; use_theme_fonts=&#8221;yes&#8221; el_class=&#8221;tt-title-lg&#8221; css=&#8221;.vc_custom_1670591259454{margin-top: -2px !important;margin-left: -2px !important;}&#8221;][vc_column_text css=&#8221;.vc_custom_1670591272563{margin-top: -2px !important;margin-bottom: 0px !important;}&#8221;]<\/p>\n<p class=\"text-center\">Kolla in v\u00e5ra paket-l\u00f6sningar f\u00f6r dig! L\u00e4ngre ner finner du v\u00e5ra ordinarie priser!<\/p>\n<p>[\/vc_column_text]        <div class=\"tt-promo-table-carusel slick-arrow-01\">\r\n                    <div class=\"item\">\r\n            <div class=\"tt-promo-table\" >\r\n                <div class=\"time\">                    <i class=\"icon-clock\"><\/i>\r\n                <\/div>\r\n                <h6 >\r\n                    <strong>Paket 1<\/strong>\r\n                                    <\/h6>\r\n                \n<ul>\n<li><small>Teorimaterial<\/small><small><\/small><\/li>\n<li><small>5 st l\u00e4rarledda teorilektioner<\/small><\/li>\n<li><small>Alla fr\u00e5gor p\u00e5 v\u00e5ra datorer<\/small><\/li>\n<li><small>5 st k\u00f6rlektioner \u00e1 50 min<\/small><\/li>\n<\/ul>\n\r\n                <div class=\"price\">\r\n                    <span><sub>kr<\/sub>5500<\/span>\r\n                    <span><\/span>\r\n                <\/div>\r\n\t\t                    <a href=\"#\" class=\"btn btn-long no-hover\" data-title=\"\" data-cid=\"418\" data-animation=\"fadeInUp\" data-animation-delay=\"0.5s\" data-toggle=\"modal\" data-target=\"#ModalOrderPackage419595\" >\r\n                Order Now                                <\/a>\r\n                        <\/div>\r\n        <\/div>\r\n            <div class=\"item\">\r\n            <div class=\"tt-promo-table\" >\r\n                <div class=\"time\">                    <i class=\"icon-clock\"><\/i>\r\n                <\/div>\r\n                <h6 >\r\n                    <strong>Paket 2<\/strong>\r\n                                    <\/h6>\r\n                \n<ul>\n<li><small>Teorimaterial<\/small><small><\/small><\/li>\n<li><small>5 st l\u00e4rarledda teorilektioner<\/small><\/li>\n<li><small>Alla fr\u00e5gor p\u00e5 v\u00e5ra datorer<\/small><\/li>\n<li><small>10 st k\u00f6rlektioner \u00e1 50 min<\/small><\/li>\n<li><\/li>\n<\/ul>\n\r\n                <div class=\"price\">\r\n                    <span><sub>kr<\/sub>8950<\/span>\r\n                    <span><\/span>\r\n                <\/div>\r\n\t\t                    <a href=\"#\" class=\"btn btn-long no-hover\" data-title=\"ORDER PACKAGE\" data-cid=\"3776\" data-animation=\"fadeInUp\" data-animation-delay=\"0.5s\" data-toggle=\"modal\" data-target=\"#ModalOrderPackage203159\" >\r\n                ORDER NOW                                <\/a>\r\n                        <\/div>\r\n        <\/div>\r\n            <div class=\"item\">\r\n            <div class=\"tt-promo-table\" >\r\n                <div class=\"time\">                    <i class=\"icon-clock\"><\/i>\r\n                <\/div>\r\n                <h6 >\r\n                    <strong>Paket 3<\/strong>\r\n                                    <\/h6>\r\n                \n<ul>\n<li><small>5 st k\u00f6rlektioner \u00e1 50 min<\/small><\/li>\n<li><\/li>\n<\/ul>\n\r\n                <div class=\"price\">\r\n                    <span><sub>kr<\/sub>3450<\/span>\r\n                    <span><\/span>\r\n                <\/div>\r\n\t\t                    <a href=\"#\" class=\"btn btn-long no-hover\" data-title=\"ORDER PACKAGE\" data-cid=\"3776\" data-animation=\"fadeInUp\" data-animation-delay=\"0.5s\" data-toggle=\"modal\" data-target=\"#ModalOrderPackage213770\" >\r\n                ORDER NOW                                <\/a>\r\n                        <\/div>\r\n        <\/div>\r\n            <\/div>\r\n                <div class=\"tt-promo-table-carusel slick-arrow-01\">\r\n                    <div class=\"item\">\r\n            <div class=\"tt-promo-table\" >\r\n                <div class=\"time\">                    <i class=\"icon-clock\"><\/i>\r\n                <\/div>\r\n                <h6 >\r\n                    <strong>Paket 4<\/strong>\r\n                                    <\/h6>\r\n                \n<ul>\n<li><small>10 st k\u00f6rlektioner \u00e1 50 min<\/small><\/li>\n<li><\/li>\n<\/ul>\n\r\n                <div class=\"price\">\r\n                    <span><sub>kr<\/sub>6850<\/span>\r\n                    <span><\/span>\r\n                <\/div>\r\n\t\t                    <a href=\"#\" class=\"btn btn-long no-hover\" data-title=\"ORDER PACKAGE\" data-cid=\"3776\" data-animation=\"fadeInUp\" data-animation-delay=\"0.5s\" data-toggle=\"modal\" data-target=\"#ModalOrderPackage864528\" >\r\n                ORDER NOW                                <\/a>\r\n                        <\/div>\r\n        <\/div>\r\n            <div class=\"item\">\r\n            <div class=\"tt-promo-table\" >\r\n                <div class=\"time\">                    <i class=\"icon-clock\"><\/i>\r\n                <\/div>\r\n                <h6 >\r\n                    <strong>Paket 5<\/strong>\r\n                                    <\/h6>\r\n                \n<ul>\n<li><small>Teorimaterial<\/small><\/li>\n<li><small>5 st l\u00e4rarledda teorilektioner<\/small><\/li>\n<li><small>Alla fr\u00e5gor p\u00e5 v\u00e5ra datorer<\/small><\/li>\n<li><small>10 st k\u00f6rlektioner \u00e1 50 min<\/small><\/li>\n<li><small>Riskutbildning 1<\/small><\/li>\n<li><small>Riskutbildning 2 (Halka)<\/small><\/li>\n<li><small>L\u00e5n av bil vid uppk\u00f6rning<\/small><\/li>\n<li><\/li>\n<\/ul>\n\r\n                <div class=\"price\">\r\n                    <span><sub>kr<\/sub>12700<\/span>\r\n                    <span><\/span>\r\n                <\/div>\r\n\t\t                    <a href=\"#\" class=\"btn btn-long no-hover\" data-title=\"ORDER PACKAGE\" data-cid=\"3776\" data-animation=\"fadeInUp\" data-animation-delay=\"0.5s\" data-toggle=\"modal\" data-target=\"#ModalOrderPackage514558\" >\r\n                ORDER NOW                                <\/a>\r\n                        <\/div>\r\n        <\/div>\r\n            <div class=\"item\">\r\n            <div class=\"tt-promo-table\" >\r\n                <div class=\"time\">                    <i class=\"icon-clock\"><\/i>\r\n                <\/div>\r\n                <h6 >\r\n                    <strong>Paket 6<\/strong>\r\n                                    <\/h6>\r\n                \n<ul>\n<li><small>Teorimaterial<\/small><\/li>\n<li><small>5 st l\u00e4rarledda teorilektioner<\/small><\/li>\n<li><small>Alla fr\u00e5gor p\u00e5 v\u00e5ra datorer<\/small><\/li>\n<li><small>15 st k\u00f6rlektioner \u00e1 50 min<\/small><\/li>\n<li><small>Riskutbildning 1<\/small><\/li>\n<li><small>Riskutbildning 2 (Halka)<\/small><\/li>\n<li><small>L\u00e5n av bil vid uppk\u00f6rning<\/small><\/li>\n<\/ul>\n\r\n                <div class=\"price\">\r\n                    <span><sub>kr<\/sub>16150<\/span>\r\n                    <span><\/span>\r\n                <\/div>\r\n\t\t                    <a href=\"#\" class=\"btn btn-long no-hover\" data-title=\"ORDER PACKAGE\" data-cid=\"3776\" data-animation=\"fadeInUp\" data-animation-delay=\"0.5s\" data-toggle=\"modal\" data-target=\"#ModalOrderPackage446888\" >\r\n                ORDER NOW                                <\/a>\r\n                        <\/div>\r\n        <\/div>\r\n            <\/div>\r\n                <div class=\"tt-promo-table-carusel slick-arrow-01\">\r\n                    <div class=\"item\">\r\n            <div class=\"tt-promo-table\" >\r\n                <div class=\"time\">                    <i class=\"icon-clock\"><\/i>\r\n                <\/div>\r\n                <h6 >\r\n                    <strong>Paket 7<\/strong>\r\n                                    <\/h6>\r\n                \n<ul>\n<li><small>Teorimaterial<\/small><\/li>\n<li><small>5 st l\u00e4rarledda teorilektioner<\/small><\/li>\n<li><small>Alla fr\u00e5gor p\u00e5 v\u00e5ra datorer<\/small><\/li>\n<li><small>20 st k\u00f6rlektioner \u00e1 50 min<\/small><\/li>\n<li><small>Riskutbildning 1<\/small><\/li>\n<li><small>Riskutbildning 2 (Halka)<\/small><\/li>\n<li><small>L\u00e5n av bil vid uppk\u00f6rning<\/small><\/li>\n<\/ul>\n\r\n                <div class=\"price\">\r\n                    <span><sub>kr<\/sub>19600<\/span>\r\n                    <span><\/span>\r\n                <\/div>\r\n\t\t                    <a href=\"#\" class=\"btn btn-long no-hover\" data-title=\"ORDER PACKAGE\" data-cid=\"3776\" data-animation=\"fadeInUp\" data-animation-delay=\"0.5s\" data-toggle=\"modal\" data-target=\"#ModalOrderPackage121006\" >\r\n                ORDER NOW                                <\/a>\r\n                        <\/div>\r\n        <\/div>\r\n            <div class=\"item\">\r\n            <div class=\"tt-promo-table\" >\r\n                <div class=\"time\">                    <i class=\"icon-clock\"><\/i>\r\n                <\/div>\r\n                <h6 >\r\n                    <strong>Priser Personbil, B-k\u00f6rkort<\/strong>\r\n                                    <\/h6>\r\n                \n<ul>\n<li>\n<table class=\"aligncenter\" border=\"0\" width=\"450\" cellspacing=\"5\" cellpadding=\"0\" align=\"center\">\n<tbody>\n<tr>\n<td>Teori<\/td>\n<td valign=\"top\" width=\"35%\">2100 kr<\/td>\n<\/tr>\n<tr>\n<td bgcolor=\"eef4fa\">K\u00f6rning 50 minuter<\/td>\n<td bgcolor=\"eef4fa\">710 kr<\/td>\n<\/tr>\n<tr>\n<td>K\u00f6rning 65 minuter<\/td>\n<td valign=\"top\" width=\"35%\">915<\/td>\n<\/tr>\n<tr>\n<td>Risk 1:an<\/td>\n<td valign=\"top\" width=\"35%\">750 kr<\/td>\n<\/tr>\n<tr>\n<td bgcolor=\"eef4fa\">Risk 2:an (halka)<\/td>\n<td bgcolor=\"eef4fa\">2300 kr<\/td>\n<\/tr>\n<tr>\n<td>L\u00e5n av bil vid uppk\u00f6rning (exkl. uppv\u00e4rmning)<\/td>\n<td valign=\"top\" width=\"35%\">750 kr<\/td>\n<\/tr>\n<tr>\n<td bgcolor=\"eef4fa\">Teorihj\u00e4lp 50 minuter<\/td>\n<td bgcolor=\"eef4fa\">550 kr<\/td>\n<\/tr>\n<tr>\n<td>Handledarkurs<\/td>\n<td valign=\"top\" width=\"35%\">495 kr\/person<\/td>\n<\/tr>\n<\/tbody>\n<\/table>\n<\/li>\n<\/ul>\n\r\n                <div class=\"price\">\r\n                    <span><\/span>\r\n                    <span><\/span>\r\n                <\/div>\r\n\t\t                    <a href=\"#\" class=\"btn btn-long no-hover\" data-title=\"ORDER PACKAGE\" data-cid=\"3776\" data-animation=\"fadeInUp\" data-animation-delay=\"0.5s\" data-toggle=\"modal\" data-target=\"#ModalOrderPackage348304\" >\r\n                ORDER NOW                                <\/a>\r\n                        <\/div>\r\n        <\/div>\r\n            <div class=\"item\">\r\n            <div class=\"tt-promo-table\" >\r\n                <div class=\"time\">                    <i class=\"icon-clock\"><\/i>\r\n                <\/div>\r\n                <h6 >\r\n                    <strong>Priser Motorcykel, A<\/strong>\r\n                                    <\/h6>\r\n                \n<ul>\n<li>\n<table class=\"aligncenter\" border=\"0\" width=\"450\" cellspacing=\"5\" cellpadding=\"0\" align=\"center\">\n<tbody>\n<tr>\n<td>Teori<\/td>\n<td valign=\"top\" width=\"35%\">2100 kr<\/td>\n<\/tr>\n<\/tbody>\n<\/table>\n<\/li>\n<\/ul>\n\r\n                <div class=\"price\">\r\n                    <span><\/span>\r\n                    <span><\/span>\r\n                <\/div>\r\n\t\t                    <a href=\"#\" class=\"btn btn-long no-hover\" data-title=\"ORDER PACKAGE\" data-cid=\"3776\" data-animation=\"fadeInUp\" data-animation-delay=\"0.5s\" data-toggle=\"modal\" data-target=\"#ModalOrderPackage913036\" >\r\n                ORDER NOW                                <\/a>\r\n                        <\/div>\r\n        <\/div>\r\n            <div class=\"item\">\r\n            <div class=\"tt-promo-table\" >\r\n                <div class=\"time\">                    <i class=\"icon-clock\"><\/i>\r\n                <\/div>\r\n                <h6 >\r\n                    <strong>Priser AM (EU moped)<\/strong>\r\n                                    <\/h6>\r\n                \n<ul>\n<li>\n<table class=\"aligncenter\" border=\"0\" width=\"450\" cellspacing=\"5\" cellpadding=\"0\" align=\"center\">\n<tbody>\n<tr>\n<td>Teori och 4 timmars k\u00f6rning<\/td>\n<td valign=\"top\" width=\"35%\">4900 kr<\/td>\n<\/tr>\n<\/tbody>\n<\/table>\n<\/li>\n<\/ul>\n\r\n                <div class=\"price\">\r\n                    <span><\/span>\r\n                    <span><\/span>\r\n                <\/div>\r\n\t\t                    <a href=\"#\" class=\"btn btn-long no-hover\" data-title=\"ORDER PACKAGE\" data-cid=\"3776\" data-animation=\"fadeInUp\" data-animation-delay=\"0.5s\" data-toggle=\"modal\" data-target=\"#ModalOrderPackage523365\" >\r\n                ORDER NOW                                <\/a>\r\n                        <\/div>\r\n        <\/div>\r\n            <div class=\"item\">\r\n            <div class=\"tt-promo-table\" >\r\n                <div class=\"time\">                    <i class=\"icon-clock\"><\/i>\r\n                <\/div>\r\n                <h6 >\r\n                    <strong>Priser Traktor<\/strong>\r\n                                    <\/h6>\r\n                \n<ul>\n<li>\n<table class=\"aligncenter\" border=\"0\" width=\"450\" cellspacing=\"5\" cellpadding=\"0\" align=\"center\">\n<tbody>\n<tr>\n<td>Teori<\/td>\n<td valign=\"top\" width=\"35%\">1800 kr<\/td>\n<\/tr>\n<\/tbody>\n<\/table>\n<\/li>\n<\/ul>\n\r\n                <div class=\"price\">\r\n                    <span><\/span>\r\n                    <span><\/span>\r\n                <\/div>\r\n\t\t                    <a href=\"#\" class=\"btn btn-long no-hover\" data-title=\"ORDER PACKAGE\" data-cid=\"3776\" data-animation=\"fadeInUp\" data-animation-delay=\"0.5s\" data-toggle=\"modal\" data-target=\"#ModalOrderPackage884515\" >\r\n                ORDER NOW                                <\/a>\r\n                        <\/div>\r\n        <\/div>\r\n            <\/div>\r\n        [vc_column_text]<\/p>\n<h3>Intresserad? Kom in till ett av\u00a0v\u00e5rt kontor\u00a0eller\u00a0ring oss. Finns \u00e4ven m\u00f6jlighet att s\u00e4tta in p\u00e5 v\u00e5rt Bankgiro 5040-9226 gl\u00f6m ej ins\u00e4ttarens namn!<\/h3>\n<p>[\/vc_column_text][vc_single_image image=&#8221;2718&#8243; img_size=&#8221;medium&#8221; alignment=&#8221;center&#8221;][\/vc_column][vc_column width=&#8221;1\/6&#8243;][vc_widget_sidebar sidebar_id=&#8221;blog_sideber&#8221;][\/vc_column][\/vc_row][vc_row el_class=&#8221;in-full-column mov-right1-section home-lesson-pkg&#8221;][vc_column css=&#8221;.vc_custom_1518062689610{padding-top: 0px !important;}&#8221;][\/vc_column][\/vc_row]<\/p>\n","protected":false},"excerpt":{"rendered":"<p>[vc_row el_class=&#8221;in-full-column mov-right1-section home-lesson-pkg&#8221;][vc_column width=&#8221;5\/6&#8243; css=&#8221;.vc_custom_1518062689610{padding-top: 0px !important;}&#8221;][vc_custom_heading text=&#8221;V\u00e5ra priser&#8221; font_container=&#8221;tag:h2|text_align:center|color:%23333333&#8243; use_theme_fonts=&#8221;yes&#8221; el_class=&#8221;tt-title-lg&#8221; css=&#8221;.vc_custom_1670591259454{margin-top: -2px !important;margin-left: -2px !important;}&#8221;][vc_column_text css=&#8221;.vc_custom_1670591272563{margin-top: -2px !important;margin-bottom: 0px !important;}&#8221;] Kolla in v\u00e5ra paket-l\u00f6sningar f\u00f6r dig! L\u00e4ngre ner finner du v\u00e5ra ordinarie priser! [\/vc_column_text][vc_column_text] Intresserad? Kom in till ett av\u00a0v\u00e5rt kontor\u00a0eller\u00a0ring oss. Finns \u00e4ven m\u00f6jlighet att s\u00e4tta in p\u00e5 v\u00e5rt Bankgiro 5040-9226 [&hellip;]<\/p>\n","protected":false},"author":1,"featured_media":0,"parent":0,"menu_order":0,"comment_status":"closed","ping_status":"closed","template":"","meta":{"footnotes":""},"class_list":["post-4084","page","type-page","status-publish","hentry"],"_links":{"self":[{"href":"https:\/\/www.citytrafik.nu\/cityWP\/wp-json\/wp\/v2\/pages\/4084","targetHints":{"allow":["GET"]}}],"collection":[{"href":"https:\/\/www.citytrafik.nu\/cityWP\/wp-json\/wp\/v2\/pages"}],"about":[{"href":"https:\/\/www.citytrafik.nu\/cityWP\/wp-json\/wp\/v2\/types\/page"}],"author":[{"embeddable":true,"href":"https:\/\/www.citytrafik.nu\/cityWP\/wp-json\/wp\/v2\/users\/1"}],"replies":[{"embeddable":true,"href":"https:\/\/www.citytrafik.nu\/cityWP\/wp-json\/wp\/v2\/comments?post=4084"}],"version-history":[{"count":7,"href":"https:\/\/www.citytrafik.nu\/cityWP\/wp-json\/wp\/v2\/pages\/4084\/revisions"}],"predecessor-version":[{"id":4086,"href":"https:\/\/www.citytrafik.nu\/cityWP\/wp-json\/wp\/v2\/pages\/4084\/revisions\/4086"}],"wp:attachment":[{"href":"https:\/\/www.citytrafik.nu\/cityWP\/wp-json\/wp\/v2\/media?parent=4084"}],"curies":[{"name":"wp","href":"https:\/\/api.w.org\/{rel}","templated":true}]}}